{"id":8676,"date":"2015-05-26T16:23:09","date_gmt":"2015-05-26T15:23:09","guid":{"rendered":"http:\/\/pastor-immobilier.com\/pastor-group\/histoire\/"},"modified":"2015-07-01T10:25:20","modified_gmt":"2015-07-01T09:25:20","slug":"histoire","status":"publish","type":"page","link":"https:\/\/pastor-immobilier.com\/en\/pastor-group\/histoire\/","title":{"rendered":"History of the Group"},"content":{"rendered":"<h2>HISTORY OF THE GROUP<\/h2>\n<p>The departure point for the birth of the GROUPE PASTOR was the creation of the own-name company, J.B. PASTOR &amp; FILS, in 1920 by Jean-Baptiste PASTOR, which became the Soci\u00e9t\u00e9 Anonyme Mon\u00e9gaqsue des Entreprises J.B. PASTOR &amp; FILS on 30 June 1943 on his initiative. The family-run company continued its development under the management of his son, Gildo PASTOR, assisted by his brother, Jean PASTOR and the major development of this generation would be the construction of a new district, \u201cLe Larvotto\u201d.<\/p>\n<h2><b>BUILDING THE GROUP<\/b><\/h2>\n<p>Victor J.B. PASTOR, Gildo\u2019s son, created the family-run legal structure \u201cGROUPE PASTOR\u201d to ensure the future of his family and continue the work of his grandfather, Jean-Baptiste and his father, Gildo, supported by his cousins, Edmond and Jean-Antoine, Jean PASTOR\u2019s sons.<\/p>\n<p>Today, the GROUPE PASTOR, present in Monaco since its inception, continues its development in Great Britain, where it has operated for 3 years through PASTOR REAL ESTATE.<\/p>\n<p>Some fifteen property businesses and companies employ over 500 people, own multitude of, luxury apartments and commercial premises in the Principality of Monaco, built by its own means, with \u201cexcellence\u201d as the watchword.<\/p>\n<h2><b>THE RANGE OF GROUPE PASTOR\u2019S ACTIVITIES AND SKILLS IS WIDE AND DIVERSE<\/b><\/h2>\n<p><span style=\"color: #000000;\"><b>&#8211; Development &amp; construction &#8211; \u00a0Turnkey Solutions :\u00a0<\/b>S.A.M. des Entreprises J.B. PASTOR &amp; FILS, the flagship company of GROUPE PASTOR, known for its professionalism, creates exceptional works in Monaco and is renowned for the impeccable finish of it buildings and its respect for deadlines thanks to its mastery of all the building trades.<\/span><\/p>\n<p><span style=\"color: #000000;\"><b>&#8211; Real Estate Lettings, Management &amp; Sales :\u00a0<\/b>The properties offered for rent, in both Monaco and London, are luxury properties only. The PASTOR IMMOBILIER agency in Monaco and PASTOR REAL ESTATE agency in London complete the range of services by proposing the sale of luxury properties and an investment advice service to their clients. It is a perfect relationship between tradition and innovation, demand and satisfaction that today allows the GROUPE PASTOR\u2019s real estate agencies to offer its customers another look at property.<\/span><\/p>\n<p><span style=\"color: #000000;\"><b>&#8211; Insurance :\u00a0<\/b>SUISSCOURTAGE and ONLY YACHT offer insurance in Europe for people and property, as well as specially-designed products for clients of varying profiles, in relation to Real Estate, Yachting, Aeronautics, etc.<\/span><\/p>\n<p>Jean-Victor and Patrice PASTOR, the sons of Victor J.B. PASTOR, are continuing the family\u2019s development in the Principality, but also beyond Monaco&#8217;s borders, by pursuing the work accomplished by the previous three generations of PASTOR family \u201cbuilders\u201d.<\/p>\n","protected":false},"excerpt":{"rendered":"<p>HISTORY OF THE GROUP The departure point for the birth of the GROUPE PASTOR was the creation of the own-name company, J.B. PASTOR &amp; FILS, in&#8230;<\/p>\n","protected":false},"author":1,"featured_media":360,"parent":124,"menu_order":20,"comment_status":"open","ping_status":"closed","template":"template-groupepastor.php","meta":{"_acf_changed":false,"footnotes":""},"class_list":["post-8676","page","type-page","status-publish","has-post-thumbnail","hentry"],"acf":[],"yoast_head":"<!-- This site is optimized with the Yoast SEO plugin v27.3 - https:\/\/yoast.com\/product\/yoast-seo-wordpress\/ -->\n<title>History of the Group - Pastor<\/title>\n<meta name=\"robots\" content=\"index, follow, max-snippet:-1, max-image-preview:large, max-video-preview:-1\" \/>\n<link rel=\"canonical\" href=\"https:\/\/pastor-immobilier.com\/en\/pastor-group\/histoire\/\" \/>\n<meta property=\"og:locale\" content=\"en_US\" \/>\n<meta property=\"og:type\" content=\"article\" \/>\n<meta property=\"og:title\" content=\"History of the Group - Pastor\" \/>\n<meta property=\"og:description\" content=\"HISTORY OF THE GROUP The departure point for the birth of the GROUPE PASTOR was the creation of the own-name company, J.B. PASTOR &amp; FILS, in...\" \/>\n<meta property=\"og:url\" content=\"https:\/\/pastor-immobilier.com\/en\/pastor-group\/histoire\/\" \/>\n<meta property=\"og:site_name\" content=\"Pastor Immobilier\" \/>\n<meta property=\"article:modified_time\" content=\"2015-07-01T09:25:20+00:00\" \/>\n<meta property=\"og:image\" content=\"https:\/\/pastor-immobilier.com\/wp-content\/uploads\/2015\/05\/logo_2.jpg\" \/>\n\t<meta property=\"og:image:width\" content=\"500\" \/>\n\t<meta property=\"og:image:height\" content=\"256\" \/>\n\t<meta property=\"og:image:type\" content=\"image\/jpeg\" \/>\n<meta name=\"twitter:label1\" content=\"Est. reading time\" \/>\n\t<meta name=\"twitter:data1\" content=\"2 minutes\" \/>\n<script type=\"application\/ld+json\" class=\"yoast-schema-graph\">{\"@context\":\"https:\\\/\\\/schema.org\",\"@graph\":[{\"@type\":\"WebPage\",\"@id\":\"https:\\\/\\\/pastor-immobilier.com\\\/en\\\/pastor-group\\\/histoire\\\/\",\"url\":\"https:\\\/\\\/pastor-immobilier.com\\\/en\\\/pastor-group\\\/histoire\\\/\",\"name\":\"History of the Group - Pastor\",\"isPartOf\":{\"@id\":\"https:\\\/\\\/pastor-immobilier.com\\\/#website\"},\"primaryImageOfPage\":{\"@id\":\"https:\\\/\\\/pastor-immobilier.com\\\/en\\\/pastor-group\\\/histoire\\\/#primaryimage\"},\"image\":{\"@id\":\"https:\\\/\\\/pastor-immobilier.com\\\/en\\\/pastor-group\\\/histoire\\\/#primaryimage\"},\"thumbnailUrl\":\"https:\\\/\\\/pastor-immobilier.com\\\/wp-content\\\/uploads\\\/2015\\\/05\\\/logo_2.jpg\",\"datePublished\":\"2015-05-26T15:23:09+00:00\",\"dateModified\":\"2015-07-01T09:25:20+00:00\",\"breadcrumb\":{\"@id\":\"https:\\\/\\\/pastor-immobilier.com\\\/en\\\/pastor-group\\\/histoire\\\/#breadcrumb\"},\"inLanguage\":\"en-US\",\"potentialAction\":[{\"@type\":\"ReadAction\",\"target\":[\"https:\\\/\\\/pastor-immobilier.com\\\/en\\\/pastor-group\\\/histoire\\\/\"]}]},{\"@type\":\"ImageObject\",\"inLanguage\":\"en-US\",\"@id\":\"https:\\\/\\\/pastor-immobilier.com\\\/en\\\/pastor-group\\\/histoire\\\/#primaryimage\",\"url\":\"https:\\\/\\\/pastor-immobilier.com\\\/wp-content\\\/uploads\\\/2015\\\/05\\\/logo_2.jpg\",\"contentUrl\":\"https:\\\/\\\/pastor-immobilier.com\\\/wp-content\\\/uploads\\\/2015\\\/05\\\/logo_2.jpg\",\"width\":500,\"height\":256},{\"@type\":\"BreadcrumbList\",\"@id\":\"https:\\\/\\\/pastor-immobilier.com\\\/en\\\/pastor-group\\\/histoire\\\/#breadcrumb\",\"itemListElement\":[{\"@type\":\"ListItem\",\"position\":1,\"name\":\"Home\",\"item\":\"https:\\\/\\\/pastor-immobilier.com\\\/en\\\/\"},{\"@type\":\"ListItem\",\"position\":2,\"name\":\"Pastor Group\",\"item\":\"https:\\\/\\\/pastor-immobilier.com\\\/en\\\/pastor-group\\\/\"},{\"@type\":\"ListItem\",\"position\":3,\"name\":\"History of the Group\"}]},{\"@type\":\"WebSite\",\"@id\":\"https:\\\/\\\/pastor-immobilier.com\\\/#website\",\"url\":\"https:\\\/\\\/pastor-immobilier.com\\\/\",\"name\":\"Pastor Immobilier\",\"description\":\"Un autre regard sur l&#039;immobilier\",\"potentialAction\":[{\"@type\":\"SearchAction\",\"target\":{\"@type\":\"EntryPoint\",\"urlTemplate\":\"https:\\\/\\\/pastor-immobilier.com\\\/?s={search_term_string}\"},\"query-input\":{\"@type\":\"PropertyValueSpecification\",\"valueRequired\":true,\"valueName\":\"search_term_string\"}}],\"inLanguage\":\"en-US\"}]}<\/script>\n<!-- \/ Yoast SEO plugin. -->","yoast_head_json":{"title":"History of the Group - Pastor","robots":{"index":"index","follow":"follow","max-snippet":"max-snippet:-1","max-image-preview":"max-image-preview:large","max-video-preview":"max-video-preview:-1"},"canonical":"https:\/\/pastor-immobilier.com\/en\/pastor-group\/histoire\/","og_locale":"en_US","og_type":"article","og_title":"History of the Group - Pastor","og_description":"HISTORY OF THE GROUP The departure point for the birth of the GROUPE PASTOR was the creation of the own-name company, J.B. PASTOR &amp; FILS, in...","og_url":"https:\/\/pastor-immobilier.com\/en\/pastor-group\/histoire\/","og_site_name":"Pastor Immobilier","article_modified_time":"2015-07-01T09:25:20+00:00","og_image":[{"width":500,"height":256,"url":"https:\/\/pastor-immobilier.com\/wp-content\/uploads\/2015\/05\/logo_2.jpg","type":"image\/jpeg"}],"twitter_misc":{"Est. reading time":"2 minutes"},"schema":{"@context":"https:\/\/schema.org","@graph":[{"@type":"WebPage","@id":"https:\/\/pastor-immobilier.com\/en\/pastor-group\/histoire\/","url":"https:\/\/pastor-immobilier.com\/en\/pastor-group\/histoire\/","name":"History of the Group - Pastor","isPartOf":{"@id":"https:\/\/pastor-immobilier.com\/#website"},"primaryImageOfPage":{"@id":"https:\/\/pastor-immobilier.com\/en\/pastor-group\/histoire\/#primaryimage"},"image":{"@id":"https:\/\/pastor-immobilier.com\/en\/pastor-group\/histoire\/#primaryimage"},"thumbnailUrl":"https:\/\/pastor-immobilier.com\/wp-content\/uploads\/2015\/05\/logo_2.jpg","datePublished":"2015-05-26T15:23:09+00:00","dateModified":"2015-07-01T09:25:20+00:00","breadcrumb":{"@id":"https:\/\/pastor-immobilier.com\/en\/pastor-group\/histoire\/#breadcrumb"},"inLanguage":"en-US","potentialAction":[{"@type":"ReadAction","target":["https:\/\/pastor-immobilier.com\/en\/pastor-group\/histoire\/"]}]},{"@type":"ImageObject","inLanguage":"en-US","@id":"https:\/\/pastor-immobilier.com\/en\/pastor-group\/histoire\/#primaryimage","url":"https:\/\/pastor-immobilier.com\/wp-content\/uploads\/2015\/05\/logo_2.jpg","contentUrl":"https:\/\/pastor-immobilier.com\/wp-content\/uploads\/2015\/05\/logo_2.jpg","width":500,"height":256},{"@type":"BreadcrumbList","@id":"https:\/\/pastor-immobilier.com\/en\/pastor-group\/histoire\/#breadcrumb","itemListElement":[{"@type":"ListItem","position":1,"name":"Home","item":"https:\/\/pastor-immobilier.com\/en\/"},{"@type":"ListItem","position":2,"name":"Pastor Group","item":"https:\/\/pastor-immobilier.com\/en\/pastor-group\/"},{"@type":"ListItem","position":3,"name":"History of the Group"}]},{"@type":"WebSite","@id":"https:\/\/pastor-immobilier.com\/#website","url":"https:\/\/pastor-immobilier.com\/","name":"Pastor Immobilier","description":"Un autre regard sur l&#039;immobilier","potentialAction":[{"@type":"SearchAction","target":{"@type":"EntryPoint","urlTemplate":"https:\/\/pastor-immobilier.com\/?s={search_term_string}"},"query-input":{"@type":"PropertyValueSpecification","valueRequired":true,"valueName":"search_term_string"}}],"inLanguage":"en-US"}]}},"_links":{"self":[{"href":"https:\/\/pastor-immobilier.com\/en\/wp-json\/wp\/v2\/pages\/8676","targetHints":{"allow":["GET"]}}],"collection":[{"href":"https:\/\/pastor-immobilier.com\/en\/wp-json\/wp\/v2\/pages"}],"about":[{"href":"https:\/\/pastor-immobilier.com\/en\/wp-json\/wp\/v2\/types\/page"}],"author":[{"embeddable":true,"href":"https:\/\/pastor-immobilier.com\/en\/wp-json\/wp\/v2\/users\/1"}],"replies":[{"embeddable":true,"href":"https:\/\/pastor-immobilier.com\/en\/wp-json\/wp\/v2\/comments?post=8676"}],"version-history":[{"count":5,"href":"https:\/\/pastor-immobilier.com\/en\/wp-json\/wp\/v2\/pages\/8676\/revisions"}],"predecessor-version":[{"id":8712,"href":"https:\/\/pastor-immobilier.com\/en\/wp-json\/wp\/v2\/pages\/8676\/revisions\/8712"}],"up":[{"embeddable":true,"href":"https:\/\/pastor-immobilier.com\/en\/wp-json\/wp\/v2\/pages\/124"}],"wp:featuredmedia":[{"embeddable":true,"href":"https:\/\/pastor-immobilier.com\/en\/wp-json\/wp\/v2\/media\/360"}],"wp:attachment":[{"href":"https:\/\/pastor-immobilier.com\/en\/wp-json\/wp\/v2\/media?parent=8676"}],"curies":[{"name":"wp","href":"https:\/\/api.w.org\/{rel}","templated":true}]}}